{"id":23,"date":"2015-11-24T11:57:51","date_gmt":"2015-11-24T10:57:51","guid":{"rendered":"http:\/\/www.m-mayer.at\/Wordpress\/?page_id=23"},"modified":"2023-10-10T09:56:15","modified_gmt":"2023-10-10T07:56:15","slug":"impressum","status":"publish","type":"page","link":"https:\/\/www.m-mayer.at\/Wordpress\/?page_id=23","title":{"rendered":"Impressum"},"content":{"rendered":"<p>Weingut M. Mayer<br \/>\nKremserstrasse 19<br \/>\nA-3465 K\u00f6nigsbrunn am Wagram<br \/>\nMayer Matthias Mobil: +43 (0) 676\/ 88234442<\/p>\n<p>UID-Nummer: ATU66350879<\/p>\n<p>Ab Hof Verkauf jederzeit gegen Voranmeldung m\u00f6glich.<\/p>\n<p>Heurigenlokal am Bromberg<br \/>\nAm Hausberg 7<br \/>\n3465 K\u00f6nigsbrunn<br \/>\n\u00d6ffnungszeiten Heurigen:<br \/>\nMO-FR ab 17.00 Uhr<br \/>\nSA, SO und Feiertag ab 16.00 Uhr<br \/>\n<strong>Reservierung: SMS an 0676\/88234442<\/strong><\/p>\n<p>e-mail: weingut(at)m-mayer.at<br \/>\nwww.m-mayer.at<\/p>\n","protected":false},"excerpt":{"rendered":"<p>Weingut M. Mayer Kremserstrasse 19 A-3465 K\u00f6nigsbrunn am Wagram Mayer Matthias Mobil: +43 (0) 676\/ 88234442 UID-Nummer: ATU66350879 Ab Hof Verkauf jederzeit gegen Voranmeldung m\u00f6glich. Heurigenlokal am Bromberg Am Hausberg 7 3465 K\u00f6nigsbrunn \u00d6ffnungszeiten Heurigen: MO-FR ab 17.00 Uhr SA, SO und Feiertag ab 16.00 Uhr Reservierung: SMS an 0676\/88234442 \u2026<\/p>\n<p class=\"continue-reading-button\"> <a class=\"continue-reading-link\" href=\"https:\/\/www.m-mayer.at\/Wordpress\/?page_id=23\">weiter<i class=\"crycon-right-dir\"><\/i><\/a><\/p>\n","protected":false},"author":1,"featured_media":0,"parent":0,"menu_order":0,"comment_status":"closed","ping_status":"closed","template":"","meta":{"jetpack_post_was_ever_published":false,"footnotes":""},"class_list":["post-23","page","type-page","status-publish","hentry"],"jetpack_sharing_enabled":true,"jetpack_shortlink":"https:\/\/wp.me\/P718bf-n","jetpack-related-posts":[],"_links":{"self":[{"href":"https:\/\/www.m-mayer.at\/Wordpress\/index.php?rest_route=\/wp\/v2\/pages\/23","targetHints":{"allow":["GET"]}}],"collection":[{"href":"https:\/\/www.m-mayer.at\/Wordpress\/index.php?rest_route=\/wp\/v2\/pages"}],"about":[{"href":"https:\/\/www.m-mayer.at\/Wordpress\/index.php?rest_route=\/wp\/v2\/types\/page"}],"author":[{"embeddable":true,"href":"https:\/\/www.m-mayer.at\/Wordpress\/index.php?rest_route=\/wp\/v2\/users\/1"}],"replies":[{"embeddable":true,"href":"https:\/\/www.m-mayer.at\/Wordpress\/index.php?rest_route=%2Fwp%2Fv2%2Fcomments&post=23"}],"version-history":[{"count":9,"href":"https:\/\/www.m-mayer.at\/Wordpress\/index.php?rest_route=\/wp\/v2\/pages\/23\/revisions"}],"predecessor-version":[{"id":6979,"href":"https:\/\/www.m-mayer.at\/Wordpress\/index.php?rest_route=\/wp\/v2\/pages\/23\/revisions\/6979"}],"wp:attachment":[{"href":"https:\/\/www.m-mayer.at\/Wordpress\/index.php?rest_route=%2Fwp%2Fv2%2Fmedia&parent=23"}],"curies":[{"name":"wp","href":"https:\/\/api.w.org\/{rel}","templated":true}]}}