{"id":27,"date":"2015-11-24T12:00:16","date_gmt":"2015-11-24T11:00:16","guid":{"rendered":"http:\/\/www.m-mayer.at\/Wordpress\/?page_id=27"},"modified":"2015-11-24T13:17:30","modified_gmt":"2015-11-24T12:17:30","slug":"links","status":"publish","type":"page","link":"https:\/\/www.m-mayer.at\/Wordpress\/?page_id=27","title":{"rendered":"Links"},"content":{"rendered":"<p><span style=\"font-family: Arial,Helvetica,sans-serif;\"><a href=\"http:\/\/www.regionwagram.at\" target=\"_blank\">Region Wagram<\/a><\/span><span style=\"font-family: Arial,Helvetica,sans-serif;\"><a href=\"http:\/\/www.weinstrassen.at\" target=\"_blank\"><br \/>\nWeinstrassen Nieder\u00f6sterreich<br \/>\n<\/a><\/span><span style=\"font-family: Arial,Helvetica,sans-serif;\"><a href=\"http:\/\/www.weinausoesterreich.at\" target=\"_blank\">Wein aus \u00d6sterreich<br \/>\n<\/a><\/span><a href=\"http:\/\/www.falstaff.at\/winzer\/weingut-m-mayer-19129.html\">Falstaff Weinguide<br \/>\n<\/a><a href=\"http:\/\/www.mfg-koenigsbrunn.com\/\">MFG-K\u00f6nigsbrunn<br \/>\n<\/a><a href=\"http:\/\/www.falstaff.at\/heuriger\/heu\/weingut-m-mayer-357.html\">Falstaff Heurigenguide<br \/>\n<\/a><a href=\"http:\/\/www.wagramerselektion.at\" target=\"_blank\">Wagramer Selektion<br \/>\n<\/a><a href=\"http:\/\/www.weritas.at\" target=\"_blank\">Vinothek Weritas Kirchberg<\/a><\/p>\n","protected":false},"excerpt":{"rendered":"<p>Region Wagram Weinstrassen Nieder\u00f6sterreich Wein aus \u00d6sterreich Falstaff Weinguide MFG-K\u00f6nigsbrunn Falstaff Heurigenguide Wagramer Selektion Vinothek Weritas Kirchberg<\/p>\n<p class=\"continue-reading-button\"> <a class=\"continue-reading-link\" href=\"https:\/\/www.m-mayer.at\/Wordpress\/?page_id=27\">weiter<i class=\"crycon-right-dir\"><\/i><\/a><\/p>\n","protected":false},"author":1,"featured_media":0,"parent":0,"menu_order":0,"comment_status":"closed","ping_status":"closed","template":"","meta":{"jetpack_post_was_ever_published":false,"footnotes":""},"class_list":["post-27","page","type-page","status-publish","hentry"],"jetpack_sharing_enabled":true,"jetpack_shortlink":"https:\/\/wp.me\/P718bf-r","jetpack-related-posts":[],"_links":{"self":[{"href":"https:\/\/www.m-mayer.at\/Wordpress\/index.php?rest_route=\/wp\/v2\/pages\/27","targetHints":{"allow":["GET"]}}],"collection":[{"href":"https:\/\/www.m-mayer.at\/Wordpress\/index.php?rest_route=\/wp\/v2\/pages"}],"about":[{"href":"https:\/\/www.m-mayer.at\/Wordpress\/index.php?rest_route=\/wp\/v2\/types\/page"}],"author":[{"embeddable":true,"href":"https:\/\/www.m-mayer.at\/Wordpress\/index.php?rest_route=\/wp\/v2\/users\/1"}],"replies":[{"embeddable":true,"href":"https:\/\/www.m-mayer.at\/Wordpress\/index.php?rest_route=%2Fwp%2Fv2%2Fcomments&post=27"}],"version-history":[{"count":13,"href":"https:\/\/www.m-mayer.at\/Wordpress\/index.php?rest_route=\/wp\/v2\/pages\/27\/revisions"}],"predecessor-version":[{"id":59,"href":"https:\/\/www.m-mayer.at\/Wordpress\/index.php?rest_route=\/wp\/v2\/pages\/27\/revisions\/59"}],"wp:attachment":[{"href":"https:\/\/www.m-mayer.at\/Wordpress\/index.php?rest_route=%2Fwp%2Fv2%2Fmedia&parent=27"}],"curies":[{"name":"wp","href":"https:\/\/api.w.org\/{rel}","templated":true}]}}