{"id":523,"date":"2018-04-24T15:40:03","date_gmt":"2018-04-24T13:40:03","guid":{"rendered":"http:\/\/www.m-mayer.at\/Wordpress\/?page_id=523"},"modified":"2018-05-25T14:45:45","modified_gmt":"2018-05-25T12:45:45","slug":"datenschutz","status":"publish","type":"page","link":"https:\/\/www.m-mayer.at\/Wordpress\/?page_id=523","title":{"rendered":"Datenschutz"},"content":{"rendered":"<p align=\"CENTER\"><span style=\"font-family: Arial, serif;\"><span style=\"font-size: small;\"><b>Datenschutzerkl\u00e4rung<\/b><\/span><\/span><\/p>\n<p>&nbsp;<\/p>\n<p><span style=\"font-family: Arial, serif;\"><span style=\"font-size: small;\">Wir m\u00f6chten Sie nachstehend \u00fcber die Verarbeitung Ihrer personenbezogenen Daten im Zusammenhang mit dem Einkauf bei uns informieren.<\/span><\/span><\/p>\n<ol>\n<li><span style=\"font-family: Arial, serif;\"><span style=\"font-size: small;\"><span lang=\"de-DE\"><b>Zweck der Datenverarbeitung und Rechtsgrundlage<\/b><\/span><\/span><\/span><\/li>\n<\/ol>\n<p><span style=\"font-family: Arial, serif;\"><span style=\"font-size: small;\"><span lang=\"de-DE\">Wenn Sie per Formular auf der Website oder per E-Mail Kontakt mit uns aufnehmen, werden Ihre Daten und Ihre Anfrage zwecks Bearbeitung der Anfrage und f\u00fcr den Fall von Anschlussfragen gespeichert. <\/span><\/span><\/span><span style=\"font-family: Arial, serif;\"><span style=\"font-size: small;\">Wir verarbeiten Ihre personenbezogenen Daten zur Ausf\u00fchrung der von Ihnen angeforderten Bestellung. Die Bereitstellung Ihrer Daten ist freiwillig, jedoch kann ohne die Bereitstellung der Vertrag nicht abgeschlossen werden.<\/span><\/span><\/p>\n<ol start=\"2\">\n<li><a name=\"_GoBack\"><\/a><span style=\"font-family: Arial, serif;\"><span style=\"font-size: small;\"><span lang=\"de-DE\"><b>\u00dcbermittlung Ihrer Daten<\/b><\/span><\/span><\/span><\/li>\n<\/ol>\n<p><span style=\"font-family: Arial, serif;\"><span style=\"font-size: small;\"><span lang=\"de-DE\">Ihre Daten werden von uns mit gr\u00f6\u00dfter Sorgfalt behandelt.<\/span><\/span><\/span><\/p>\n<p><span style=\"font-family: Arial, serif;\"><span style=\"font-size: small;\"><span lang=\"de-DE\">Eine \u00dcbermittlung Ihrer Daten findet nur soweit statt, als dies <\/span><\/span><\/span><\/p>\n<ul>\n<li><span style=\"font-family: Arial, serif;\"><span style=\"font-size: small;\"><span lang=\"de-DE\">zur Durchf\u00fchrung der Lieferung (Versandunternehmen)<\/span><\/span><\/span><\/li>\n<li><span style=\"font-family: Arial, serif;\"><span style=\"font-size: small;\"><span lang=\"de-DE\">zur Aufrechterhaltung der elektronischen Dienste (IT-Provider)<\/span><\/span><\/span><\/li>\n<li><span style=\"font-family: Arial, serif;\"><span style=\"font-size: small;\"><span lang=\"de-DE\">zur Zahlungsabwicklung (Bank) und <\/span><\/span><\/span><\/li>\n<li><span style=\"font-family: Arial, serif;\"><span style=\"font-size: small;\"><span lang=\"de-DE\">zur Erf\u00fcllung unserer rechtlichen Pflichten (\u00dcbermittlung an das Finanzamt)<\/span><\/span><\/span><\/li>\n<\/ul>\n<p><span style=\"font-family: Arial, serif;\"><span style=\"font-size: small;\"><span lang=\"de-DE\">notwendig ist.<\/span><\/span><\/span><\/p>\n<ol start=\"3\">\n<li><span style=\"font-family: Arial, serif;\"><span style=\"font-size: small;\"><span lang=\"de-DE\"><b>Dauer der Datenspeicherung<\/b><\/span><\/span><\/span><\/li>\n<\/ol>\n<p><span style=\"font-family: Arial, serif;\"><span style=\"font-size: small;\"><span lang=\"de-DE\">Ihre Daten werden von uns nur so lange und in dem Umfang aufbewahrt, als dies zum Zweck nach Punkt 1 erforderlich ist bzw bis zum Erl\u00f6schen der gesetzlichen Aufbewahrungspflichten oder Verj\u00e4hrungsfristen.<\/span><\/span><\/span><\/p>\n<p><span style=\"font-family: Arial, serif;\"><span style=\"font-size: small;\"><span lang=\"de-DE\">falls zutreffend nachfolgend:<\/span><\/span><\/span><\/p>\n<p><span style=\"font-family: Arial, serif;\"><span style=\"font-size: small;\"><span lang=\"de-DE\"><b>Weiterverarbeitung Ihrer Daten<\/b><\/span><\/span><\/span><\/p>\n<p><span style=\"font-family: Arial, serif;\"><span style=\"font-size: small;\"><span lang=\"de-DE\">Ihre Stammdaten werden f\u00fcr die Zwecke des Newsletterversands an Sie weiterverarbeitet. Die Datenverarbeitung erfolgt aufgrund unseres berechtigten Interesses Sie \u00fcber gleiche oder \u00e4hnliche Produkte zu informieren. Sie haben jederzeit die M\u00f6glichkeit dieser Datenverarbeitung zu widersprechen.<\/span><\/span><\/span><\/p>\n<ol start=\"4\">\n<li><span style=\"font-family: Arial, serif;\"><span style=\"font-size: small;\"><span lang=\"de-DE\"><b>Ihre Rechte <\/b><\/span><\/span><\/span><\/li>\n<\/ol>\n<p><span style=\"color: #000000;\"><span style=\"font-family: Arial, serif;\"><span style=\"font-size: small;\"><span lang=\"de-DE\">Im Zusammenhang mit der Verarbeitung Ihrer Daten verf\u00fcgen Sie jederzeit \u00fcber die Rechte auf<\/span><\/span><\/span><\/span><\/p>\n<ul>\n<li>\n<p align=\"LEFT\"><span style=\"font-family: Arial, serif;\"><span style=\"font-size: small;\">Auskunft<\/span><\/span><\/p>\n<\/li>\n<li>\n<p align=\"LEFT\"><span style=\"font-family: Arial, serif;\"><span style=\"font-size: small;\">Berichtigung <\/span><\/span><\/p>\n<\/li>\n<li>\n<p align=\"LEFT\"><span style=\"font-family: Arial, serif;\"><span style=\"font-size: small;\">L\u00f6schung<\/span><\/span><span style=\"font-family: Arial, serif;\"><span style=\"font-size: small;\"> (&#8222;Recht auf Vergessenwerden&#8220;)<\/span><\/span><\/p>\n<\/li>\n<li>\n<p align=\"LEFT\"><span style=\"font-family: Arial, serif;\"><span style=\"font-size: small;\">Einschr\u00e4nkung<\/span><\/span><span style=\"font-family: Arial, serif;\"><span style=\"font-size: small;\"> der Verarbeitung <\/span><\/span><\/p>\n<\/li>\n<li>\n<p align=\"LEFT\"><span style=\"font-family: Arial, serif;\"><span style=\"font-size: small;\">Daten\u00fcbertragbarkeit <\/span><\/span><\/p>\n<\/li>\n<li>\n<p align=\"LEFT\"><span style=\"font-family: Arial, serif;\"><span style=\"font-size: small;\">Widerspruch bzw<\/span><\/span><\/p>\n<\/li>\n<li>\n<p align=\"LEFT\"><span style=\"font-family: Arial, serif;\"><span style=\"font-size: small;\">Widerruf (bei Einwilligung) und <\/span><\/span><\/p>\n<\/li>\n<li>\n<p align=\"LEFT\"><span style=\"font-family: Arial, serif;\"><span style=\"font-size: small;\">Beschwerde bei der Datenschutzbeh\u00f6rde<\/span><\/span><\/p>\n<\/li>\n<\/ul>\n<ol start=\"5\">\n<li><span style=\"color: #000000;\"><span style=\"font-family: Arial, serif;\"><span style=\"font-size: small;\"><span lang=\"de-DE\"><b>Kontaktdaten<\/b><\/span><\/span><\/span><\/span><\/li>\n<\/ol>\n<p><span style=\"color: #000000;\"><span style=\"font-family: Arial, serif;\"><span style=\"font-size: small;\"><span lang=\"de-DE\">Bei Fragen oder Anliegen wenden Sie sich bitte an uns!<\/span><\/span><\/span><\/span><\/p>\n<p><span style=\"color: #000000;\"><span style=\"font-family: Arial, serif;\"><span style=\"font-size: small;\"><span lang=\"de-DE\">Matthias Mayer; Kremserstra\u00dfe 19; 3465 K\u00f6nigsbrunn am Wagram; weingut(at)m-mayer.at<\/span><\/span><\/span><\/span><\/p>\n","protected":false},"excerpt":{"rendered":"<p>Datenschutzerkl\u00e4rung &nbsp; Wir m\u00f6chten Sie nachstehend \u00fcber die Verarbeitung Ihrer personenbezogenen Daten im Zusammenhang mit dem Einkauf bei uns informieren. Zweck der Datenverarbeitung und Rechtsgrundlage Wenn Sie per Formular auf der Website oder per E-Mail Kontakt mit uns aufnehmen, werden Ihre Daten und Ihre Anfrage zwecks Bearbeitung der Anfrage und \u2026<\/p>\n<p class=\"continue-reading-button\"> <a class=\"continue-reading-link\" href=\"https:\/\/www.m-mayer.at\/Wordpress\/?page_id=523\">weiter<i class=\"crycon-right-dir\"><\/i><\/a><\/p>\n","protected":false},"author":1,"featured_media":0,"parent":0,"menu_order":0,"comment_status":"closed","ping_status":"closed","template":"","meta":{"footnotes":""},"class_list":["post-523","page","type-page","status-publish","hentry"],"jetpack_sharing_enabled":false,"jetpack_shortlink":"https:\/\/wp.me\/P718bf-8r","jetpack-related-posts":[],"_links":{"self":[{"href":"https:\/\/www.m-mayer.at\/Wordpress\/index.php?rest_route=\/wp\/v2\/pages\/523","targetHints":{"allow":["GET"]}}],"collection":[{"href":"https:\/\/www.m-mayer.at\/Wordpress\/index.php?rest_route=\/wp\/v2\/pages"}],"about":[{"href":"https:\/\/www.m-mayer.at\/Wordpress\/index.php?rest_route=\/wp\/v2\/types\/page"}],"author":[{"embeddable":true,"href":"https:\/\/www.m-mayer.at\/Wordpress\/index.php?rest_route=\/wp\/v2\/users\/1"}],"replies":[{"embeddable":true,"href":"https:\/\/www.m-mayer.at\/Wordpress\/index.php?rest_route=%2Fwp%2Fv2%2Fcomments&post=523"}],"version-history":[{"count":3,"href":"https:\/\/www.m-mayer.at\/Wordpress\/index.php?rest_route=\/wp\/v2\/pages\/523\/revisions"}],"predecessor-version":[{"id":530,"href":"https:\/\/www.m-mayer.at\/Wordpress\/index.php?rest_route=\/wp\/v2\/pages\/523\/revisions\/530"}],"wp:attachment":[{"href":"https:\/\/www.m-mayer.at\/Wordpress\/index.php?rest_route=%2Fwp%2Fv2%2Fmedia&parent=523"}],"curies":[{"name":"wp","href":"https:\/\/api.w.org\/{rel}","templated":true}]}}