{"id":6,"date":"2015-11-24T11:51:04","date_gmt":"2015-11-24T10:51:04","guid":{"rendered":"http:\/\/www.m-mayer.at\/Wordpress\/?page_id=6"},"modified":"2020-01-21T15:46:22","modified_gmt":"2020-01-21T14:46:22","slug":"weingut-und-heurigen","status":"publish","type":"page","link":"https:\/\/www.m-mayer.at\/Wordpress\/?page_id=6","title":{"rendered":"Weingut und Heurigen"},"content":{"rendered":"<p><strong><span style=\"font-family: Arial,Helvetica,sans-serif;\">M.MAYER<br \/><\/span><\/strong><span style=\"font-family: Arial,Helvetica,sans-serif;\"><br \/>Kostbarkeiten aus K\u00f6nigsbrunn.<\/span><\/p>\n<p><span style=\"font-family: Arial,Helvetica,sans-serif;\"><strong>M.OTTO<\/strong><\/span><\/p>\n<p><span style=\"font-family: Arial,Helvetica,sans-serif;\">Das Weingut und der Heurige Mayer wird als Familienbetrieb bald in die dritte Generation gehend gef\u00fchrt. Da der Rhythmus des Weines unser Leben bestimmt, legen wir auf Qualit\u00e4t, Stil und Service allerh\u00f6chsten Wert. Naturnahe Bewirtschaftung, ertragsbegrenzter Ausbau und akribische Weingartenarbeit bescheren uns nun schon seit Jahren zufriedene Weinkunden und Heurigeng\u00e4ste.<\/span><\/p>\n<p><span style=\"font-family: Arial,Helvetica,sans-serif;\"><strong>M.ENSCHEN<\/strong><\/span><\/p>\n<p>Matthias, Jasmin, Daniel und Lukas<\/p>\n<p><img data-recalc-dims=\"1\" loading=\"lazy\" decoding=\"async\" data-attachment-id=\"1985\" data-permalink=\"https:\/\/www.m-mayer.at\/Wordpress\/?attachment_id=1985\" data-orig-file=\"https:\/\/i0.wp.com\/www.m-mayer.at\/Wordpress\/wp-content\/uploads\/2020\/01\/HP-Weingut.jpg?fit=1600%2C1067&amp;ssl=1\" data-orig-size=\"1600,1067\" data-comments-opened=\"0\" data-image-meta=\"{&quot;aperture&quot;:&quot;9&quot;,&quot;credit&quot;:&quot;Reinhard Eiboeck Photography\\r346&quot;,&quot;camera&quot;:&quot;Canon EOS 5D Mark III&quot;,&quot;caption&quot;:&quot;\\ufffd&quot;,&quot;created_timestamp&quot;:&quot;1529341538&quot;,&quot;copyright&quot;:&quot;Reinhard Eiboeck Photography&quot;,&quot;focal_length&quot;:&quot;144&quot;,&quot;iso&quot;:&quot;320&quot;,&quot;shutter_speed&quot;:&quot;0.00625&quot;,&quot;title&quot;:&quot;\\ufffd&quot;,&quot;orientation&quot;:&quot;1&quot;}\" data-image-title=\"\ufffd\" data-image-description=\"\" data-image-caption=\"&lt;p&gt;\ufffd&lt;\/p&gt;\n\" data-medium-file=\"https:\/\/i0.wp.com\/www.m-mayer.at\/Wordpress\/wp-content\/uploads\/2020\/01\/HP-Weingut.jpg?fit=300%2C200&amp;ssl=1\" data-large-file=\"https:\/\/i0.wp.com\/www.m-mayer.at\/Wordpress\/wp-content\/uploads\/2020\/01\/HP-Weingut.jpg?fit=900%2C600&amp;ssl=1\" class=\"wp-image-1985 \" src=\"https:\/\/i0.wp.com\/www.m-mayer.at\/Wordpress\/wp-content\/uploads\/2020\/01\/HP-Weingut.jpg?resize=595%2C397&#038;ssl=1\" alt=\"\" width=\"595\" height=\"397\" srcset=\"https:\/\/i0.wp.com\/www.m-mayer.at\/Wordpress\/wp-content\/uploads\/2020\/01\/HP-Weingut.jpg?resize=1024%2C683&amp;ssl=1 1024w, https:\/\/i0.wp.com\/www.m-mayer.at\/Wordpress\/wp-content\/uploads\/2020\/01\/HP-Weingut.jpg?resize=300%2C200&amp;ssl=1 300w, https:\/\/i0.wp.com\/www.m-mayer.at\/Wordpress\/wp-content\/uploads\/2020\/01\/HP-Weingut.jpg?resize=768%2C512&amp;ssl=1 768w, https:\/\/i0.wp.com\/www.m-mayer.at\/Wordpress\/wp-content\/uploads\/2020\/01\/HP-Weingut.jpg?resize=1536%2C1024&amp;ssl=1 1536w, https:\/\/i0.wp.com\/www.m-mayer.at\/Wordpress\/wp-content\/uploads\/2020\/01\/HP-Weingut.jpg?resize=150%2C100&amp;ssl=1 150w, https:\/\/i0.wp.com\/www.m-mayer.at\/Wordpress\/wp-content\/uploads\/2020\/01\/HP-Weingut.jpg?resize=250%2C167&amp;ssl=1 250w, https:\/\/i0.wp.com\/www.m-mayer.at\/Wordpress\/wp-content\/uploads\/2020\/01\/HP-Weingut.jpg?resize=542%2C361&amp;ssl=1 542w, https:\/\/i0.wp.com\/www.m-mayer.at\/Wordpress\/wp-content\/uploads\/2020\/01\/HP-Weingut.jpg?w=1600&amp;ssl=1 1600w\" sizes=\"auto, (max-width: 595px) 100vw, 595px\" \/><\/p>\n<p><span style=\"font-family: Arial,Helvetica,sans-serif;\"><strong>M.EILENSTEINE<\/strong><\/span><\/p>\n<p><span style=\"font-family: Arial,Helvetica,sans-serif;\">Im Weinort K\u00f6nigsbrunn, n\u00f6rdlich des fruchtbaren Tullnerfeldes und entlang des Urufer des Donaustromes liegt unser Weingut. Wo der Wagram den Saum des h\u00fcgeligen Weinviertels bildet und das Klima noch die Wachau atmet, gedeihen unsere mit Leidenschaft und Geduld gekelterten Weine. Auf unseren Rebfl\u00e4chen lesen wir, die f\u00fcr unsere Region typischen Sorten, Gr\u00fcnen Veltliner und Roten Veltliner sowie Rivaner, Riesling, Gelben Muskateller, Zweigelt und Blauburger.<\/span><\/p>\n<p><span style=\"font-family: Arial,Helvetica,sans-serif;\"><strong>M.MMMHHH<\/strong><\/span><\/p>\n<p><span style=\"font-family: Arial,Helvetica,sans-serif;\">In unserem Heurigenlokal servieren wir Ihnen selbstverst\u00e4ndlich hochwertige Wagramer Weine, wobei unser Sortiment durch Spezialit\u00e4ten wie die Beerenauslese abgerundet wird. Und zu einem edlen <\/span><span style=\"font-family: Arial,Helvetica,sans-serif;\">Wein geh\u00f6r<\/span><span style=\"font-family: Arial,Helvetica,sans-serif;\">t nat\u00fcrlich auch eine k\u00f6stliche Jause. Unser hausgemachtes Speisenangebot erfreut sowohl den deftigen, als auch den anspruchsvollen wie den vegetarischen Gaumen. Der gro\u00dfe Gastgarten im Sommer und <\/span><span style=\"font-family: Arial,Helvetica,sans-serif;\">die Spielecke f\u00fcr die Kleinen machen den Besuch bei uns in K\u00f6nigsbrunn zus\u00e4tzlich zum Genuss.<\/span><\/p>\n<p><a href=\"https:\/\/i0.wp.com\/www.m-mayer.at\/Wordpress\/wp-content\/uploads\/2015\/11\/IMG_5766.jpg\"><img data-recalc-dims=\"1\" loading=\"lazy\" decoding=\"async\" data-attachment-id=\"170\" data-permalink=\"https:\/\/www.m-mayer.at\/Wordpress\/?attachment_id=170\" data-orig-file=\"https:\/\/i0.wp.com\/www.m-mayer.at\/Wordpress\/wp-content\/uploads\/2015\/11\/IMG_5766.jpg?fit=1600%2C1067&amp;ssl=1\" data-orig-size=\"1600,1067\" data-comments-opened=\"0\" data-image-meta=\"{&quot;aperture&quot;:&quot;4&quot;,&quot;credit&quot;:&quot;Eiboeck Photography&quot;,&quot;camera&quot;:&quot;Canon EOS 70D&quot;,&quot;caption&quot;:&quot;&quot;,&quot;created_timestamp&quot;:&quot;1438101637&quot;,&quot;copyright&quot;:&quot;Eiboeck Photography&quot;,&quot;focal_length&quot;:&quot;14&quot;,&quot;iso&quot;:&quot;320&quot;,&quot;shutter_speed&quot;:&quot;0.1&quot;,&quot;title&quot;:&quot;&quot;,&quot;orientation&quot;:&quot;0&quot;}\" data-image-title=\"IMG_5766\" data-image-description=\"\" data-image-caption=\"\" data-medium-file=\"https:\/\/i0.wp.com\/www.m-mayer.at\/Wordpress\/wp-content\/uploads\/2015\/11\/IMG_5766.jpg?fit=300%2C200&amp;ssl=1\" data-large-file=\"https:\/\/i0.wp.com\/www.m-mayer.at\/Wordpress\/wp-content\/uploads\/2015\/11\/IMG_5766.jpg?fit=900%2C600&amp;ssl=1\" class=\"wp-image-170 alignleft\" src=\"https:\/\/i0.wp.com\/www.m-mayer.at\/Wordpress\/wp-content\/uploads\/2015\/11\/IMG_5766-1024x683.jpg?resize=510%2C340\" alt=\"IMG_5766\" width=\"510\" height=\"340\" srcset=\"https:\/\/i0.wp.com\/www.m-mayer.at\/Wordpress\/wp-content\/uploads\/2015\/11\/IMG_5766.jpg?resize=1024%2C683&amp;ssl=1 1024w, https:\/\/i0.wp.com\/www.m-mayer.at\/Wordpress\/wp-content\/uploads\/2015\/11\/IMG_5766.jpg?resize=300%2C200&amp;ssl=1 300w, https:\/\/i0.wp.com\/www.m-mayer.at\/Wordpress\/wp-content\/uploads\/2015\/11\/IMG_5766.jpg?w=1600&amp;ssl=1 1600w\" sizes=\"auto, (max-width: 510px) 100vw, 510px\" \/><\/a><a href=\"https:\/\/i0.wp.com\/www.m-mayer.at\/Wordpress\/wp-content\/uploads\/2015\/11\/IMG_5712.jpg\"><img data-recalc-dims=\"1\" loading=\"lazy\" decoding=\"async\" data-attachment-id=\"163\" data-permalink=\"https:\/\/www.m-mayer.at\/Wordpress\/?attachment_id=163\" data-orig-file=\"https:\/\/i0.wp.com\/www.m-mayer.at\/Wordpress\/wp-content\/uploads\/2015\/11\/IMG_5712.jpg?fit=1600%2C1266&amp;ssl=1\" data-orig-size=\"1600,1266\" data-comments-opened=\"0\" data-image-meta=\"{&quot;aperture&quot;:&quot;4&quot;,&quot;credit&quot;:&quot;Eiboeck Photography&quot;,&quot;camera&quot;:&quot;Canon EOS 70D&quot;,&quot;caption&quot;:&quot;&quot;,&quot;created_timestamp&quot;:&quot;1438100622&quot;,&quot;copyright&quot;:&quot;Eiboeck Photography&quot;,&quot;focal_length&quot;:&quot;14&quot;,&quot;iso&quot;:&quot;320&quot;,&quot;shutter_speed&quot;:&quot;0.005&quot;,&quot;title&quot;:&quot;&quot;,&quot;orientation&quot;:&quot;0&quot;}\" data-image-title=\"IMG_5712\" data-image-description=\"\" data-image-caption=\"\" data-medium-file=\"https:\/\/i0.wp.com\/www.m-mayer.at\/Wordpress\/wp-content\/uploads\/2015\/11\/IMG_5712.jpg?fit=300%2C237&amp;ssl=1\" data-large-file=\"https:\/\/i0.wp.com\/www.m-mayer.at\/Wordpress\/wp-content\/uploads\/2015\/11\/IMG_5712.jpg?fit=900%2C712&amp;ssl=1\" class=\"wp-image-163 alignnone\" src=\"https:\/\/i0.wp.com\/www.m-mayer.at\/Wordpress\/wp-content\/uploads\/2015\/11\/IMG_5712-1024x810.jpg?resize=430%2C340\" alt=\"IMG_5712\" width=\"430\" height=\"340\" srcset=\"https:\/\/i0.wp.com\/www.m-mayer.at\/Wordpress\/wp-content\/uploads\/2015\/11\/IMG_5712.jpg?resize=1024%2C810&amp;ssl=1 1024w, https:\/\/i0.wp.com\/www.m-mayer.at\/Wordpress\/wp-content\/uploads\/2015\/11\/IMG_5712.jpg?resize=300%2C237&amp;ssl=1 300w, https:\/\/i0.wp.com\/www.m-mayer.at\/Wordpress\/wp-content\/uploads\/2015\/11\/IMG_5712.jpg?w=1600&amp;ssl=1 1600w\" sizes=\"auto, (max-width: 430px) 100vw, 430px\" \/><\/a><\/p>\n<p style=\"text-align: left;\"><span style=\"font-family: Arial,Helvetica,sans-serif;\"><strong><br \/>M.EHR ALS WEIN<\/strong><\/span><\/p>\n<p><span style=\"font-family: Arial,Helvetica,sans-serif;\">Zus\u00e4tzlich zu unseren Weinen gibt es auch prickelndes.<br \/>Zum Beispiel <\/span><span style=\"font-family: Arial,Helvetica,sans-serif;\">Frizzante vom Gelben Muskateller.<br \/><\/span><\/p>\n\n\n<pre class=\"wp-block-preformatted\"><\/pre>\n","protected":false},"excerpt":{"rendered":"<p>M.MAYERKostbarkeiten aus K\u00f6nigsbrunn. M.OTTO Das Weingut und der Heurige Mayer wird als Familienbetrieb bald in die dritte Generation gehend gef\u00fchrt. Da der Rhythmus des Weines unser Leben bestimmt, legen wir auf Qualit\u00e4t, Stil und Service allerh\u00f6chsten Wert. Naturnahe Bewirtschaftung, ertragsbegrenzter Ausbau und akribische Weingartenarbeit bescheren uns nun schon seit Jahren \u2026<\/p>\n<p class=\"continue-reading-button\"> <a class=\"continue-reading-link\" href=\"https:\/\/www.m-mayer.at\/Wordpress\/?page_id=6\">weiter<i class=\"crycon-right-dir\"><\/i><\/a><\/p>\n","protected":false},"author":1,"featured_media":0,"parent":0,"menu_order":0,"comment_status":"closed","ping_status":"closed","template":"","meta":{"jetpack_post_was_ever_published":false,"footnotes":""},"class_list":["post-6","page","type-page","status-publish","hentry"],"jetpack_sharing_enabled":true,"jetpack_shortlink":"https:\/\/wp.me\/P718bf-6","jetpack-related-posts":[],"_links":{"self":[{"href":"https:\/\/www.m-mayer.at\/Wordpress\/index.php?rest_route=\/wp\/v2\/pages\/6","targetHints":{"allow":["GET"]}}],"collection":[{"href":"https:\/\/www.m-mayer.at\/Wordpress\/index.php?rest_route=\/wp\/v2\/pages"}],"about":[{"href":"https:\/\/www.m-mayer.at\/Wordpress\/index.php?rest_route=\/wp\/v2\/types\/page"}],"author":[{"embeddable":true,"href":"https:\/\/www.m-mayer.at\/Wordpress\/index.php?rest_route=\/wp\/v2\/users\/1"}],"replies":[{"embeddable":true,"href":"https:\/\/www.m-mayer.at\/Wordpress\/index.php?rest_route=%2Fwp%2Fv2%2Fcomments&post=6"}],"version-history":[{"count":23,"href":"https:\/\/www.m-mayer.at\/Wordpress\/index.php?rest_route=\/wp\/v2\/pages\/6\/revisions"}],"predecessor-version":[{"id":2001,"href":"https:\/\/www.m-mayer.at\/Wordpress\/index.php?rest_route=\/wp\/v2\/pages\/6\/revisions\/2001"}],"wp:attachment":[{"href":"https:\/\/www.m-mayer.at\/Wordpress\/index.php?rest_route=%2Fwp%2Fv2%2Fmedia&parent=6"}],"curies":[{"name":"wp","href":"https:\/\/api.w.org\/{rel}","templated":true}]}}