{"id":7072,"date":"2025-07-27T14:41:55","date_gmt":"2025-07-27T12:41:55","guid":{"rendered":"https:\/\/www.m-mayer.at\/Wordpress\/?page_id=7072"},"modified":"2026-04-21T22:07:25","modified_gmt":"2026-04-21T20:07:25","slug":"wagramwels","status":"publish","type":"page","link":"https:\/\/www.m-mayer.at\/Wordpress\/?page_id=7072","title":{"rendered":"Wagram Wels"},"content":{"rendered":"\n<figure class=\"wp-block-image size-large is-resized\"><img data-recalc-dims=\"1\" loading=\"lazy\" decoding=\"async\" width=\"900\" height=\"891\" data-attachment-id=\"7060\" data-permalink=\"https:\/\/www.m-mayer.at\/Wordpress\/?attachment_id=7060\" data-orig-file=\"https:\/\/i0.wp.com\/www.m-mayer.at\/Wordpress\/wp-content\/uploads\/2025\/06\/Wagramwels.jpg?fit=1179%2C1168&amp;ssl=1\" data-orig-size=\"1179,1168\" data-comments-opened=\"0\" data-image-meta=\"{&quot;aperture&quot;:&quot;0&quot;,&quot;credit&quot;:&quot;&quot;,&quot;camera&quot;:&quot;&quot;,&quot;caption&quot;:&quot;Screenshot&quot;,&quot;created_timestamp&quot;:&quot;1748553823&quot;,&quot;copyright&quot;:&quot;&quot;,&quot;focal_length&quot;:&quot;0&quot;,&quot;iso&quot;:&quot;0&quot;,&quot;shutter_speed&quot;:&quot;0&quot;,&quot;title&quot;:&quot;Screenshot&quot;,&quot;orientation&quot;:&quot;1&quot;}\" data-image-title=\"\" data-image-description=\"\" data-image-caption=\"\" data-medium-file=\"https:\/\/i0.wp.com\/www.m-mayer.at\/Wordpress\/wp-content\/uploads\/2025\/06\/Wagramwels.jpg?fit=300%2C297&amp;ssl=1\" data-large-file=\"https:\/\/i0.wp.com\/www.m-mayer.at\/Wordpress\/wp-content\/uploads\/2025\/06\/Wagramwels.jpg?fit=900%2C891&amp;ssl=1\" src=\"https:\/\/i0.wp.com\/www.m-mayer.at\/Wordpress\/wp-content\/uploads\/2025\/06\/Wagramwels.jpg?resize=900%2C891&#038;ssl=1\" alt=\"\" class=\"wp-image-7060\" style=\"width:168px;height:auto\" srcset=\"https:\/\/i0.wp.com\/www.m-mayer.at\/Wordpress\/wp-content\/uploads\/2025\/06\/Wagramwels.jpg?resize=1024%2C1014&amp;ssl=1 1024w, https:\/\/i0.wp.com\/www.m-mayer.at\/Wordpress\/wp-content\/uploads\/2025\/06\/Wagramwels.jpg?resize=300%2C297&amp;ssl=1 300w, https:\/\/i0.wp.com\/www.m-mayer.at\/Wordpress\/wp-content\/uploads\/2025\/06\/Wagramwels.jpg?resize=150%2C150&amp;ssl=1 150w, https:\/\/i0.wp.com\/www.m-mayer.at\/Wordpress\/wp-content\/uploads\/2025\/06\/Wagramwels.jpg?resize=768%2C761&amp;ssl=1 768w, https:\/\/i0.wp.com\/www.m-mayer.at\/Wordpress\/wp-content\/uploads\/2025\/06\/Wagramwels.jpg?resize=250%2C248&amp;ssl=1 250w, https:\/\/i0.wp.com\/www.m-mayer.at\/Wordpress\/wp-content\/uploads\/2025\/06\/Wagramwels.jpg?resize=542%2C537&amp;ssl=1 542w, https:\/\/i0.wp.com\/www.m-mayer.at\/Wordpress\/wp-content\/uploads\/2025\/06\/Wagramwels.jpg?resize=100%2C100&amp;ssl=1 100w, https:\/\/i0.wp.com\/www.m-mayer.at\/Wordpress\/wp-content\/uploads\/2025\/06\/Wagramwels.jpg?w=1179&amp;ssl=1 1179w\" sizes=\"auto, (max-width: 900px) 100vw, 900px\" \/><\/figure>\n\n\n\n<h3 class=\"wp-block-heading\">Bestellungen werden gerne \u00fcber Whatsapp entgegen genommen &#8211;<a href=\"https:\/\/wa.me\/4367763941834\/?text=Hallo,%20Ich%20m%C3%B6chte%20einen%20Wagramwels%20bestellen!%201%20Packung%20ca%20(400-600g)%20so%20wie%20gewachsen.%0AAbholdatum%0AMenge:%0ANamen\" data-type=\"link\" data-id=\"https:\/\/wa.me\/4367763941834\/?text=Hallo,%20Ich%20m%C3%B6chte%20einen%20Wagramwels%20bestellen!%201%20Packung%20ca%20(400-600g)%20so%20wie%20gewachsen.%0AAbholdatum%0AMenge:%0ANamen\"> jetzt Bestellen!<\/a><br>Oder per email an <a href=\"mailto:Wagramwels@m-mayer.at\">Wagramwels@m-mayer.at<\/a><br>n\u00e4chste Frischfischtage:<br>Freitag 1. Mai!<br><br>Filet Natur ohne Haut wie gewachsen 400-600g Packung \u20ac 33,&#8211;\/kg<br>Vorbestellung bitte bis Dienstag 17 Uhr vor dem Schlachttermin, Abholung Freitag 18-19 Uhr bei uns im Weingut <a href=\"https:\/\/maps.app.goo.gl\/fQVKvp2f3ReFU1Tt5\">Anfahrt<\/a><br>W\u00e4hrend der <a href=\"https:\/\/www.m-mayer.at\/Wordpress\/?page_id=19\" data-type=\"page\" data-id=\"19\">Heurigenzeiten<\/a> im Heurigenlokal ab 17 Uhr.<br>Frischfisch ist nur kurz haltbar (bis Samstag) daher bitten wir Sie den Wels auch verl\u00e4sslich abzuholen.<\/h3>\n\n\n\n<h2 class=\"wp-block-heading\">Entdecke Wagram Wels- Wo Qualit\u00e4t auf Genuss trifft!<\/h2>\n\n\n\n<p>Unser Hauptdarsteller, der Afrikanische Raubwels (clarias gariepinus), kommt jetzt auch vom Wagram. Wie das geht, erkl\u00e4re ich in einer kurzen Beschreibung.<\/p>\n\n\n\n<p><strong>Fakten \u00fcber den Fisch<\/strong><\/p>\n\n\n\n<div class=\"wp-block-columns is-layout-flex wp-container-core-columns-is-layout-9d6595d7 wp-block-columns-is-layout-flex\">\n<div class=\"wp-block-column is-layout-flow wp-block-column-is-layout-flow\" style=\"flex-basis:100%\">\n<p>\u2022 Die urspr\u00fcngliche Heimat, wie der Name schon sagt, ist Afrika<br><br>\u2022 In der Trockenzeit, wenn wenig Wasser vorhanden ist, rotten sich die Welse zusammen und sind friedlich.<br><br>\u2022 Daher bietet sich dieser Fisch hervorragend f\u00fcr die Aufzucht in Kreislaufanlagen an.<\/p>\n<\/div>\n<\/div>\n\n\n\n<p><\/p>\n\n\n\n<p><\/p>\n\n\n\n<h1 class=\"wp-block-heading\">Warum wird dieser Wels in einer Kreislaufanlage gehalten?<\/h1>\n\n\n\n<p>Die Kreislaufanlage erm\u00f6glicht eine pr\u00e4zise Kontrolle aller wichtigen Faktoren, die f\u00fcr ein optimales Wachstum der Fische entscheidend sind.<\/p>\n\n\n\n<p>\u2022 Wassertemperatur &#8211; optimal bei 27 Grad<\/p>\n\n\n\n<p>\u2022 Wasserqualit\u00e4t &#8211; Hohe Wasserqualit\u00e4t durch den Einsatz von Biofilter<\/p>\n\n\n\n<p>\u2022 Geringer Wasserverbrauch &#8211; Dank Wasserumw\u00e4lzung<\/p>\n\n\n\n<p>\u2022 Geringe Emissionen &#8211; Durch das geschlossene System wird die Freisetzung von N\u00e4hrstoffen in die Umwelt minimiert<\/p>\n\n\n\n<p>\u2022 hervorragende Co2 Bilanz, keine negative Umweltbelastung<\/p>\n\n\n\n<p>\u2022 Kein Einsatz von Chemikalien, Antibiotika und anderen Medikamenten!<\/p>\n\n\n\n<p>\u2022 Artgerechte Aufzucht und Haltung<\/p>\n\n\n\n<p>Kurz gesagt:<\/p>\n\n\n\n<p>Die Aufzucht von Afrikanischen Welsen in RAS- Systemen ist ein modernes und nachhaltiges Konzept f\u00fcr die Aquakultur, das die Produktion hochwertiger Fische, bei minimaler Umweltbelastung erm\u00f6glicht.<\/p>\n\n\n\n<p><\/p>\n\n\n\n<p><\/p>\n\n\n\n<h1 class=\"wp-block-heading\">Was fressen die Welse?<\/h1>\n\n\n\n<p>Die Wagram Welse bekommen zertifiziertes, qualitativ hochwertiges Pelletsfutter in verschiedenen Gr\u00f6\u00dfen. Je nach Wuchs. Somit werden die Tiere mit allen wichtigen N\u00e4hrstoffen versorgt, die sie zum Wachsen und Gedeihen brauchen. Das Futter ist mitunter ein wichtiger Bestandteil daf\u00fcr, dass die Kreislaufanlage optimal funktioniert.<\/p>\n\n\n\n<h1 class=\"wp-block-heading\">Warum Wagram Wels?<\/h1>\n\n\n\n<p>Ganz einfach<\/p>\n\n\n\n<div class=\"wp-block-columns is-layout-flex wp-container-core-columns-is-layout-9d6595d7 wp-block-columns-is-layout-flex\">\n<div class=\"wp-block-column is-layout-flow wp-block-column-is-layout-flow\" style=\"flex-basis:100%\">\n<p>\u2022 Die Besatzfische stammen aus nachhaltiger Produktion aus Ober\u00f6sterreich (also 100% heimisch)<\/p>\n\n\n\n<p>\u2022 Der Wels ist ein Knochenfisch, daher praktisch fast gr\u00e4tenfrei. Das erleichtert somit die Zerlegung bzw erspart das Stochern beim Essen. Darum ist der Wagram Wels bestens f\u00fcr alle Feinschmecker geeignet. Vom jungen Kind bis hin zum \u00e4lteren Semester.<\/p>\n\n\n\n<p>\u2022 Der afrikanische Wels ist eine beliebte Delikatesse. Er wird wegen der Qualit\u00e4t seines Fleisches, der angenehmen Konsistenz, des geringen Fettgehalts und des hohen Eiwei\u00dfgehaltes gesch\u00e4tzt.<\/p>\n\n\n\n<p>\u2022 Durch den beachtlichen Gehalt an Omega-3 und Omega-6 Fetts\u00e4uren wird eine gesunde Ern\u00e4hrung ideal unterst\u00fctzt.<\/p>\n\n\n\n<p>\u2022 Eine alte Redewendung sagt schon:&#8220; Ein Fisch muss schwimmen&#8220;. Auch da k\u00f6nnen wir helfen. Unsere Wagramer Weine schmecken nat\u00fcrlich k\u00f6stlich zu Fisch. Je nach Zubereitung empfehlen wir den leichteren Gr\u00fcnen Veltliner &#8222;Stoamasl&#8220;, oder wenn es herzhafter wird, unseren Gr\u00fcnen Veltliner DAC Ried Bromberg oder Roten Veltliner DAC Ried Steinberg. A match made in heaven!<\/p>\n\n\n\n<p>\u2022 Entdecke Wagram Wels- Wo Qualit\u00e4t auf Genuss trifft!<\/p>\n<\/div>\n<\/div>\n\n\n\n<p>Wenn Ihr Interesse geweckt wurde oder Ihnen jetzt schon das Wasser im Mund zusammen l\u00e4uft, sollten Sie sich so schnell wie m\u00f6glich diesen genussvollen Leckerbissen reservieren.<\/p>\n\n\n\n<h3 class=\"wp-block-heading\" id=\"block-73a34d8c-8c6b-4289-add0-18e8536114b1\">Bestellungen werden gerne \u00fcber Whatsapp entgegen genommen &#8211;<a href=\"https:\/\/wa.me\/4367763941834\/?text=Hallo,%20Ich%20m%C3%B6chte%20einen%20Wagramwels%20bestellen!%201%20Packung%20ca%20(400-600g)%20so%20wie%20gewachsen.%0AAbholdatum%0AMenge:%0ANamen\"> jetzt Bestellen!<\/a><br>Oder per email an <a href=\"mailto:Wagramwels@m-mayer.at\">Wagramwels@m-mayer.at<\/a><\/h3>\n\n\n\n<p><\/p>\n\n\n\n<p><\/p>\n\n\n\n<p><\/p>\n\n\n\n<p><\/p>\n","protected":false},"excerpt":{"rendered":"<p>Bestellungen werden gerne \u00fcber Whatsapp entgegen genommen &#8211; jetzt Bestellen!Oder per email an Wagramwels@m-mayer.atn\u00e4chste Frischfischtage:Freitag 1. Mai! Filet Natur ohne Haut wie gewachsen 400-600g Packung \u20ac 33,&#8211;\/kgVorbestellung bitte bis Dienstag 17 Uhr vor dem Schlachttermin, Abholung Freitag 18-19 Uhr bei uns im Weingut AnfahrtW\u00e4hrend der Heurigenzeiten im Heurigenlokal ab 17 \u2026<\/p>\n<p class=\"continue-reading-button\"> <a class=\"continue-reading-link\" href=\"https:\/\/www.m-mayer.at\/Wordpress\/?page_id=7072\">weiter<i class=\"crycon-right-dir\"><\/i><\/a><\/p>\n","protected":false},"author":1,"featured_media":0,"parent":0,"menu_order":0,"comment_status":"closed","ping_status":"closed","template":"","meta":{"jetpack_post_was_ever_published":false,"footnotes":""},"class_list":["post-7072","page","type-page","status-publish","hentry"],"jetpack_sharing_enabled":true,"jetpack_shortlink":"https:\/\/wp.me\/P718bf-1Q4","jetpack-related-posts":[],"_links":{"self":[{"href":"https:\/\/www.m-mayer.at\/Wordpress\/index.php?rest_route=\/wp\/v2\/pages\/7072","targetHints":{"allow":["GET"]}}],"collection":[{"href":"https:\/\/www.m-mayer.at\/Wordpress\/index.php?rest_route=\/wp\/v2\/pages"}],"about":[{"href":"https:\/\/www.m-mayer.at\/Wordpress\/index.php?rest_route=\/wp\/v2\/types\/page"}],"author":[{"embeddable":true,"href":"https:\/\/www.m-mayer.at\/Wordpress\/index.php?rest_route=\/wp\/v2\/users\/1"}],"replies":[{"embeddable":true,"href":"https:\/\/www.m-mayer.at\/Wordpress\/index.php?rest_route=%2Fwp%2Fv2%2Fcomments&post=7072"}],"version-history":[{"count":27,"href":"https:\/\/www.m-mayer.at\/Wordpress\/index.php?rest_route=\/wp\/v2\/pages\/7072\/revisions"}],"predecessor-version":[{"id":7166,"href":"https:\/\/www.m-mayer.at\/Wordpress\/index.php?rest_route=\/wp\/v2\/pages\/7072\/revisions\/7166"}],"wp:attachment":[{"href":"https:\/\/www.m-mayer.at\/Wordpress\/index.php?rest_route=%2Fwp%2Fv2%2Fmedia&parent=7072"}],"curies":[{"name":"wp","href":"https:\/\/api.w.org\/{rel}","templated":true}]}}