{"id":310,"date":"2015-12-03T15:05:53","date_gmt":"2015-12-03T14:05:53","guid":{"rendered":"http:\/\/www.m-mayer.at\/Wordpress\/?product=gruener-veltliner-alte-reben-2014"},"modified":"2025-06-11T09:11:40","modified_gmt":"2025-06-11T07:11:40","slug":"gruener-veltliner-alte-reben-2014","status":"publish","type":"product","link":"https:\/\/www.m-mayer.at\/Wordpress\/?product=gruener-veltliner-alte-reben-2014","title":{"rendered":"Gr\u00fcner Veltliner Ried Bromberg 2024"},"content":{"rendered":"<p><span style=\"font-size: large;\">Gr\u00fcner Veltliner Ried Bromberg 2024<\/span><\/p>\n<p><span style=\"font-size: large;\"><span style=\"font-size: medium;\"><br \/>\n<\/span><br \/>\n<span style=\"font-size: medium;\">Qulit\u00e4tswein, trocken, Flascheninhalt 0,75l<br \/>\nAlkohol 13,0 vol%<\/span><br \/>\n<\/span><\/p>\n<p><span style=\"font-size: medium;\"><br \/>\n\u00dcppig-dichte Apfel-Birnen-Aromatik, auch Pfirsich und Muskatn\u00fcsse;<br \/>\nwundersch\u00f6n saftig, lebendig und frisch, passende S\u00e4ure,<br \/>\nkraftvoll, dabei durchaus elegant und fein.<\/span><\/p>\n<p><span style=\"font-size: large;\">\u00a0<\/span><\/p>\n<p><span style=\"color: #000000; font-size: medium;\"><span lang=\"de-DE\">optimale Trinktemperatur: 6-8<\/span><\/span><span style=\"color: #000000; font-size: medium;\"><span style=\"font-family: Times New Roman,serif;\"><span lang=\"de-DE\">\u00ba<\/span><\/span><\/span><\/p>\n<p><script src=\"https:\/\/api.asello.eu\/static\/digi-label\/main.js\" type=\"module\"><\/script><br \/>\n<digi-label lang=\"de\" id=\"DkpZKRF\"><\/digi-label><\/p>\n<p>&nbsp;<\/p>\n<p>&nbsp;<\/p>\n<p>&nbsp;<\/p>\n<p>&nbsp;<\/p>\n","protected":false},"excerpt":{"rendered":"<p>Gr\u00fcner Veltliner Ried Bromberg 2024 Qulit\u00e4tswein, trocken, Flascheninhalt 0,75l Alkohol 13,0 vol% \u00dcppig-dichte Apfel-Birnen-Aromatik, auch Pfirsich und Muskatn\u00fcsse; wundersch\u00f6n saftig, lebendig und frisch, passende S\u00e4ure, kraftvoll, dabei durchaus elegant und fein. \u00a0 optimale Trinktemperatur: 6-8\u00ba &nbsp; &nbsp; &nbsp; &nbsp;<\/p>\n<p class=\"continue-reading-button\"> <a class=\"continue-reading-link\" href=\"https:\/\/www.m-mayer.at\/Wordpress\/?product=gruener-veltliner-alte-reben-2014\">weiter<i class=\"crycon-right-dir\"><\/i><\/a><\/p>\n","protected":false},"featured_media":2057,"comment_status":"open","ping_status":"closed","template":"","meta":{"jetpack_post_was_ever_published":true,"jetpack_publicize_message":"","jetpack_publicize_feature_enabled":true,"jetpack_social_post_already_shared":true,"jetpack_social_options":{"image_generator_settings":{"template":"highway","default_image_id":0,"enabled":false},"version":2}},"product_brand":[],"product_cat":[10],"product_tag":[],"class_list":{"0":"post-310","1":"product","2":"type-product","3":"status-publish","4":"has-post-thumbnail","6":"product_cat-weisswein","8":"first","9":"instock","10":"taxable","11":"shipping-taxable","12":"purchasable","13":"product-type-variable","14":"has-default-attributes"},"jetpack_publicize_connections":[],"jetpack_sharing_enabled":true,"jetpack-related-posts":[],"_links":{"self":[{"href":"https:\/\/www.m-mayer.at\/Wordpress\/index.php?rest_route=\/wp\/v2\/product\/310","targetHints":{"allow":["GET"]}}],"collection":[{"href":"https:\/\/www.m-mayer.at\/Wordpress\/index.php?rest_route=\/wp\/v2\/product"}],"about":[{"href":"https:\/\/www.m-mayer.at\/Wordpress\/index.php?rest_route=\/wp\/v2\/types\/product"}],"replies":[{"embeddable":true,"href":"https:\/\/www.m-mayer.at\/Wordpress\/index.php?rest_route=%2Fwp%2Fv2%2Fcomments&post=310"}],"wp:featuredmedia":[{"embeddable":true,"href":"https:\/\/www.m-mayer.at\/Wordpress\/index.php?rest_route=\/wp\/v2\/media\/2057"}],"wp:attachment":[{"href":"https:\/\/www.m-mayer.at\/Wordpress\/index.php?rest_route=%2Fwp%2Fv2%2Fmedia&parent=310"}],"wp:term":[{"taxonomy":"product_brand","embeddable":true,"href":"https:\/\/www.m-mayer.at\/Wordpress\/index.php?rest_route=%2Fwp%2Fv2%2Fproduct_brand&post=310"},{"taxonomy":"product_cat","embeddable":true,"href":"https:\/\/www.m-mayer.at\/Wordpress\/index.php?rest_route=%2Fwp%2Fv2%2Fproduct_cat&post=310"},{"taxonomy":"product_tag","embeddable":true,"href":"https:\/\/www.m-mayer.at\/Wordpress\/index.php?rest_route=%2Fwp%2Fv2%2Fproduct_tag&post=310"}],"curies":[{"name":"wp","href":"https:\/\/api.w.org\/{rel}","templated":true}]}}