{"id":473,"date":"2017-02-23T16:03:18","date_gmt":"2017-02-23T15:03:18","guid":{"rendered":"http:\/\/www.m-mayer.at\/Wordpress\/?product=roter-veltliner-2016"},"modified":"2025-03-15T10:36:27","modified_gmt":"2025-03-15T09:36:27","slug":"roter-veltliner-2016","status":"publish","type":"product","link":"https:\/\/www.m-mayer.at\/Wordpress\/?product=roter-veltliner-2016","title":{"rendered":"Roter Veltliner Ried Steinberg 2024"},"content":{"rendered":"<p><span style=\"font-size: large;\">Roter Veltliner Ried Steinberg 2024<br \/>\n<\/span><\/p>\n<p><span style=\"font-size: large;\"><br \/>\n<span style=\"font-size: medium;\">Qulit\u00e4tswein, trocken, Flascheninhalt 0,75l<br \/>\n<\/span><br \/>\n<\/span><\/p>\n<p><span style=\"font-size: medium;\"><br \/>\nfruchtige, dichte Kr\u00e4uteraromen, extraktreich<br \/>\ngut strukuierte Fruchts\u00e4ure,<br \/>\nvoller Eleganz und Harmonie<br \/>\n<\/span><\/p>\n<p><span style=\"font-size: large;\">\u00a0<\/span><\/p>\n<p><span style=\"color: #000000; font-size: medium;\"><span lang=\"de-DE\">optimale Trinktemperatur: 6-8<\/span><\/span><span style=\"color: #000000; font-size: medium;\"><span style=\"font-family: Times New Roman,serif;\"><span lang=\"de-DE\">\u00ba<\/span><\/span><\/span><\/p>\n<p>&nbsp;<\/p>\n<p>&nbsp;<\/p>\n<p>&nbsp;<\/p>\n<p>&nbsp;<\/p>\n<p>&nbsp;<br \/>\n<script src=\"https:\/\/api.asello.eu\/static\/digi-label\/main.js\" type=\"module\"><\/script><br \/>\n<digi-label lang=\"de\" id=\"HmbxnUK\"><\/digi-label><\/p>\n","protected":false},"excerpt":{"rendered":"<p>Roter Veltliner Ried Steinberg 2024 Qulit\u00e4tswein, trocken, Flascheninhalt 0,75l fruchtige, dichte Kr\u00e4uteraromen, extraktreich gut strukuierte Fruchts\u00e4ure, voller Eleganz und Harmonie \u00a0 optimale Trinktemperatur: 6-8\u00ba &nbsp; &nbsp; &nbsp; &nbsp; &nbsp;<\/p>\n<p class=\"continue-reading-button\"> <a class=\"continue-reading-link\" href=\"https:\/\/www.m-mayer.at\/Wordpress\/?product=roter-veltliner-2016\">weiter<i class=\"crycon-right-dir\"><\/i><\/a><\/p>\n","protected":false},"featured_media":2051,"comment_status":"open","ping_status":"closed","template":"","meta":{"jetpack_post_was_ever_published":false,"jetpack_publicize_message":"","jetpack_publicize_feature_enabled":true,"jetpack_social_post_already_shared":true,"jetpack_social_options":{"image_generator_settings":{"template":"highway","default_image_id":0,"enabled":false},"version":2}},"product_brand":[],"product_cat":[10],"product_tag":[],"class_list":{"0":"post-473","1":"product","2":"type-product","3":"status-publish","4":"has-post-thumbnail","6":"product_cat-weisswein","8":"first","9":"instock","10":"taxable","11":"shipping-taxable","12":"purchasable","13":"product-type-variable","14":"has-default-attributes"},"jetpack_publicize_connections":[],"jetpack_sharing_enabled":true,"jetpack-related-posts":[],"_links":{"self":[{"href":"https:\/\/www.m-mayer.at\/Wordpress\/index.php?rest_route=\/wp\/v2\/product\/473","targetHints":{"allow":["GET"]}}],"collection":[{"href":"https:\/\/www.m-mayer.at\/Wordpress\/index.php?rest_route=\/wp\/v2\/product"}],"about":[{"href":"https:\/\/www.m-mayer.at\/Wordpress\/index.php?rest_route=\/wp\/v2\/types\/product"}],"replies":[{"embeddable":true,"href":"https:\/\/www.m-mayer.at\/Wordpress\/index.php?rest_route=%2Fwp%2Fv2%2Fcomments&post=473"}],"wp:featuredmedia":[{"embeddable":true,"href":"https:\/\/www.m-mayer.at\/Wordpress\/index.php?rest_route=\/wp\/v2\/media\/2051"}],"wp:attachment":[{"href":"https:\/\/www.m-mayer.at\/Wordpress\/index.php?rest_route=%2Fwp%2Fv2%2Fmedia&parent=473"}],"wp:term":[{"taxonomy":"product_brand","embeddable":true,"href":"https:\/\/www.m-mayer.at\/Wordpress\/index.php?rest_route=%2Fwp%2Fv2%2Fproduct_brand&post=473"},{"taxonomy":"product_cat","embeddable":true,"href":"https:\/\/www.m-mayer.at\/Wordpress\/index.php?rest_route=%2Fwp%2Fv2%2Fproduct_cat&post=473"},{"taxonomy":"product_tag","embeddable":true,"href":"https:\/\/www.m-mayer.at\/Wordpress\/index.php?rest_route=%2Fwp%2Fv2%2Fproduct_tag&post=473"}],"curies":[{"name":"wp","href":"https:\/\/api.w.org\/{rel}","templated":true}]}}